{"id":212,"date":"2012-10-22T12:11:15","date_gmt":"2012-10-22T12:11:15","guid":{"rendered":"http:\/\/template-demos.com\/wp\/WP01\/WP010005\/?page_id=4"},"modified":"2018-10-14T23:11:07","modified_gmt":"2018-10-14T21:11:07","slug":"home","status":"publish","type":"page","link":"https:\/\/www.eisgrotte.at\/","title":{"rendered":"Home"},"content":{"rendered":"<div id=\"pl-212\"  class=\"panel-layout\" >\n<div id=\"pg-212-0\"  class=\"panel-grid panel-no-style\" >\n<div id=\"pgc-212-0-0\"  class=\"panel-grid-cell\" >\n<div id=\"panel-212-0-0-0\" class=\"so-panel widget widget_black-studio-tinymce widget_black_studio_tinymce panel-first-child panel-last-child\" data-index=\"0\" >\n<h3 class=\"widget-title\">Sub Banners<\/h3>\n<div class=\"textwidget\">\n<div class=\"main-container  \" style=\"padding:0;margin:0;border-top:1px solid #;overflow:visible;\">\n<div class=\"inner-container\">\n<div class=\"one_half \">\n<div class=\"one_half_inner content_inner left\"  style=\"margin:0;width:100%;\">\n<div class=\"feature-container left_feature\"  style=\";\">\n<div class=\"feature-content\">\n<div class=\"title\">Unsere Philosophie<\/div>\n<div class=\"description\">Frische steht bei uns an erster Stelle. Darum gibt es das original Eisgrotten Eis auch nur in unseren 2 Filialen. Um unsere hohe Qualit\u00e4t zu gew\u00e4hrleisten beliefern wir keine Wiederverk\u00e4ufer,Gastronomie oder Kioske. Wir verwenden nur nat\u00fcrliche Inhaltsstoffe und produzieren alle paar Stunden frisch f\u00fcr Sie! <\/div>\n<\/div>\n<\/div>\n<\/div>\n<\/div>\n<div class=\"one_half \">\n<div class=\"one_half_inner content_inner left\"  style=\"margin:0;width:100%;\">\n<div class=\"feature-container right_feature\"  style=\"background-image: url(https:\/\/www.eisgrotte.at\/wp-content\/uploads\/2018\/09\/Dokumentgedreht.png);background-repeat:no-repeat;background-size:unset;background-attachment:scroll;background-position:;;\">\n<div class=\"feature-content\">\n<div class=\"title\">Unsere Geschichte<\/div>\n<div class=\"description\">Nach seiner Immigration aus Italien nach \u00d6sterreich er\u00f6ffnete Herbert Dalus 1952 die erste Eisgrotte \u00d6sterreichs.<\/div>\n<p><a href=\"https:\/\/www.eisgrotte.at\/?page_id=2460\" class=\"other-read-more\">Seit 1958 in Salzburg...<\/a><\/div>\n<\/div>\n<\/div>\n<\/div>\n<\/div>\n<\/div>\n<\/div>\n<\/div>\n<\/div>\n<\/div>\n<div id=\"pg-212-1\"  class=\"panel-grid panel-no-style\" >\n<div id=\"pgc-212-1-0\"  class=\"panel-grid-cell\" >\n<div id=\"panel-212-1-0-0\" class=\"so-panel widget widget_black-studio-tinymce widget_black_studio_tinymce panel-first-child panel-last-child\" data-index=\"1\" >\n<h3 class=\"widget-title\">Brand Logo<\/h3>\n<div class=\"textwidget\">\n<div class=\"main-container  brand_product\" style=\"padding:0;margin:0;border-top:1px solid #;overflow:visible;\">\n<div class=\"inner-container\">\n<div id=\"brand-products\" class=\"tm_logocontent left\">\n<div id=\"5_brand_carousel\" class=\"brand-carousel tm-logo-content\">\n<div class=\"item brand_main\">\n<div class=\"product-block\"><a href=\"#\"><img decoding=\"async\" src=\"https:\/\/www.eisgrotte.at\/wp-content\/uploads\/2018\/09\/Eiskaffee2.png\" alt=\"Logo Image\"\/><\/a><\/div>\n<\/div>\n<div class=\"item brand_main\">\n<div class=\"product-block\"><a href=\"#\"><img decoding=\"async\" src=\"https:\/\/www.eisgrotte.at\/wp-content\/uploads\/2018\/09\/Kelch.png\" alt=\"Logo Image\"\/><\/a><\/div>\n<\/div>\n<div class=\"item brand_main\">\n<div class=\"product-block\"><a href=\"#\"><img decoding=\"async\" src=\"https:\/\/www.eisgrotte.at\/wp-content\/uploads\/2018\/09\/Eisbecher_hoch2.png\" alt=\"Logo Image\"\/><\/a><\/div>\n<\/div>\n<div class=\"item brand_main\">\n<div class=\"product-block\"><a href=\"#\"><img decoding=\"async\" src=\"https:\/\/www.eisgrotte.at\/wp-content\/uploads\/2018\/09\/EisSeitlich.png\" alt=\"Logo Image\"\/><\/a><\/div>\n<\/div>\n<div class=\"item brand_main\">\n<div class=\"product-block\"><a href=\"#\"><img decoding=\"async\" src=\"https:\/\/www.eisgrotte.at\/wp-content\/uploads\/2018\/09\/EisSchukoSchraeg.png\" alt=\"Logo Image\"\/><\/a><\/div>\n<\/div>\n<div class=\"item brand_main\">\n<div class=\"product-block\"><a href=\"#\"><img decoding=\"async\" src=\"https:\/\/www.eisgrotte.at\/wp-content\/uploads\/2018\/09\/EisSchraegVonOben.png\" alt=\"Logo Image\"\/><\/a><\/div>\n<\/div>\n<div class=\"item brand_main\">\n<div class=\"product-block\"><a href=\"#\"><img decoding=\"async\" src=\"https:\/\/www.eisgrotte.at\/wp-content\/uploads\/2018\/09\/Bananensplit.png\" alt=\"Logo Image\"\/><\/a><\/div>\n<\/div>\n<\/div>\n<\/div>\n<\/div>\n<\/div>\n<\/div>\n<\/div>\n<\/div>\n<\/div>\n<\/div>\n","protected":false},"excerpt":{"rendered":"<p>&hellip; <a class=\"read-more-link\" href=\"https:\/\/www.eisgrotte.at\/\">Read More<\/a><\/p>\n","protected":false},"author":1,"featured_media":0,"parent":0,"menu_order":0,"comment_status":"closed","ping_status":"open","template":"page-templates\/home.php","meta":{"footnotes":""},"class_list":["post-212","page","type-page","status-publish","hentry"],"yoast_head":"<!-- This site is optimized with the Yoast SEO plugin v26.5 - https:\/\/yoast.com\/wordpress\/plugins\/seo\/ -->\n<title>Home - Eisgrotte<\/title>\n<meta name=\"robots\" content=\"index, follow, max-snippet:-1, max-image-preview:large, max-video-preview:-1\" \/>\n<link rel=\"canonical\" href=\"https:\/\/www.eisgrotte.at\/\" \/>\n<meta property=\"og:locale\" content=\"de_DE\" \/>\n<meta property=\"og:type\" content=\"article\" \/>\n<meta property=\"og:title\" content=\"Home - Eisgrotte\" \/>\n<meta property=\"og:description\" content=\"&hellip; Read More\" \/>\n<meta property=\"og:url\" content=\"https:\/\/www.eisgrotte.at\/\" \/>\n<meta property=\"og:site_name\" content=\"Eisgrotte\" \/>\n<meta property=\"article:modified_time\" content=\"2018-10-14T21:11:07+00:00\" \/>\n<meta name=\"twitter:card\" content=\"summary_large_image\" \/>\n<meta name=\"twitter:label1\" content=\"Gesch\u00e4tzte Lesezeit\" \/>\n\t<meta name=\"twitter:data1\" content=\"1\u00a0Minute\" \/>\n<script type=\"application\/ld+json\" class=\"yoast-schema-graph\">{\"@context\":\"https:\/\/schema.org\",\"@graph\":[{\"@type\":\"WebPage\",\"@id\":\"https:\/\/www.eisgrotte.at\/\",\"url\":\"https:\/\/www.eisgrotte.at\/\",\"name\":\"Home - Eisgrotte\",\"isPartOf\":{\"@id\":\"https:\/\/www.eisgrotte.at\/#website\"},\"datePublished\":\"2012-10-22T12:11:15+00:00\",\"dateModified\":\"2018-10-14T21:11:07+00:00\",\"breadcrumb\":{\"@id\":\"https:\/\/www.eisgrotte.at\/#breadcrumb\"},\"inLanguage\":\"de\",\"potentialAction\":[{\"@type\":\"ReadAction\",\"target\":[\"https:\/\/www.eisgrotte.at\/\"]}]},{\"@type\":\"BreadcrumbList\",\"@id\":\"https:\/\/www.eisgrotte.at\/#breadcrumb\",\"itemListElement\":[{\"@type\":\"ListItem\",\"position\":1,\"name\":\"Startseite\",\"item\":\"https:\/\/www.eisgrotte.at\/\"},{\"@type\":\"ListItem\",\"position\":2,\"name\":\"Home\"}]},{\"@type\":\"WebSite\",\"@id\":\"https:\/\/www.eisgrotte.at\/#website\",\"url\":\"https:\/\/www.eisgrotte.at\/\",\"name\":\"Eisgrotte\",\"description\":\"Eiskultur aus Tradition - Familie Dalus\",\"potentialAction\":[{\"@type\":\"SearchAction\",\"target\":{\"@type\":\"EntryPoint\",\"urlTemplate\":\"https:\/\/www.eisgrotte.at\/?s={search_term_string}\"},\"query-input\":{\"@type\":\"PropertyValueSpecification\",\"valueRequired\":true,\"valueName\":\"search_term_string\"}}],\"inLanguage\":\"de\"}]}<\/script>\n<!-- \/ Yoast SEO plugin. -->","yoast_head_json":{"title":"Home - Eisgrotte","robots":{"index":"index","follow":"follow","max-snippet":"max-snippet:-1","max-image-preview":"max-image-preview:large","max-video-preview":"max-video-preview:-1"},"canonical":"https:\/\/www.eisgrotte.at\/","og_locale":"de_DE","og_type":"article","og_title":"Home - Eisgrotte","og_description":"&hellip; Read More","og_url":"https:\/\/www.eisgrotte.at\/","og_site_name":"Eisgrotte","article_modified_time":"2018-10-14T21:11:07+00:00","twitter_card":"summary_large_image","twitter_misc":{"Gesch\u00e4tzte Lesezeit":"1\u00a0Minute"},"schema":{"@context":"https:\/\/schema.org","@graph":[{"@type":"WebPage","@id":"https:\/\/www.eisgrotte.at\/","url":"https:\/\/www.eisgrotte.at\/","name":"Home - Eisgrotte","isPartOf":{"@id":"https:\/\/www.eisgrotte.at\/#website"},"datePublished":"2012-10-22T12:11:15+00:00","dateModified":"2018-10-14T21:11:07+00:00","breadcrumb":{"@id":"https:\/\/www.eisgrotte.at\/#breadcrumb"},"inLanguage":"de","potentialAction":[{"@type":"ReadAction","target":["https:\/\/www.eisgrotte.at\/"]}]},{"@type":"BreadcrumbList","@id":"https:\/\/www.eisgrotte.at\/#breadcrumb","itemListElement":[{"@type":"ListItem","position":1,"name":"Startseite","item":"https:\/\/www.eisgrotte.at\/"},{"@type":"ListItem","position":2,"name":"Home"}]},{"@type":"WebSite","@id":"https:\/\/www.eisgrotte.at\/#website","url":"https:\/\/www.eisgrotte.at\/","name":"Eisgrotte","description":"Eiskultur aus Tradition - Familie Dalus","potentialAction":[{"@type":"SearchAction","target":{"@type":"EntryPoint","urlTemplate":"https:\/\/www.eisgrotte.at\/?s={search_term_string}"},"query-input":{"@type":"PropertyValueSpecification","valueRequired":true,"valueName":"search_term_string"}}],"inLanguage":"de"}]}},"_links":{"self":[{"href":"https:\/\/www.eisgrotte.at\/index.php?rest_route=\/wp\/v2\/pages\/212","targetHints":{"allow":["GET"]}}],"collection":[{"href":"https:\/\/www.eisgrotte.at\/index.php?rest_route=\/wp\/v2\/pages"}],"about":[{"href":"https:\/\/www.eisgrotte.at\/index.php?rest_route=\/wp\/v2\/types\/page"}],"author":[{"embeddable":true,"href":"https:\/\/www.eisgrotte.at\/index.php?rest_route=\/wp\/v2\/users\/1"}],"replies":[{"embeddable":true,"href":"https:\/\/www.eisgrotte.at\/index.php?rest_route=%2Fwp%2Fv2%2Fcomments&post=212"}],"version-history":[{"count":89,"href":"https:\/\/www.eisgrotte.at\/index.php?rest_route=\/wp\/v2\/pages\/212\/revisions"}],"predecessor-version":[{"id":3471,"href":"https:\/\/www.eisgrotte.at\/index.php?rest_route=\/wp\/v2\/pages\/212\/revisions\/3471"}],"wp:attachment":[{"href":"https:\/\/www.eisgrotte.at\/index.php?rest_route=%2Fwp%2Fv2%2Fmedia&parent=212"}],"curies":[{"name":"wp","href":"https:\/\/api.w.org\/{rel}","templated":true}]}}