{"id":2460,"date":"2014-11-17T12:46:11","date_gmt":"2014-11-17T12:46:11","guid":{"rendered":"http:\/\/192.168.0.101\/user22\/Restaurant\/wordpress\/?page_id=2460"},"modified":"2018-10-14T22:59:54","modified_gmt":"2018-10-14T20:59:54","slug":"shortcodes","status":"publish","type":"page","link":"https:\/\/www.eisgrotte.at\/?page_id=2460","title":{"rendered":"Geschichte"},"content":{"rendered":"<p>Nach seiner Immigration aus Italien nach \u00d6sterreich er\u00f6ffnete Herbert Dalus 1952 die erste Eisgrotte \u00d6sterreichs. Im Herzen Innsbrucks lebten und arbeiteten er und seine Frau Anna bis sie 1958 beschlossen in Salzburg ein neues Leben aufzubauen.<\/p>\n<p><div id=\"attachment_3257\" style=\"width: 510px\" class=\"wp-caption alignnone\"><img loading=\"lazy\" decoding=\"async\" aria-describedby=\"caption-attachment-3257\" class=\"wp-image-3257 size-full\" src=\"https:\/\/www.eisgrotte.at\/wp-content\/uploads\/2018\/09\/eisgrotte1958_round.png\" alt=\"Eisgrotte 1952\" width=\"500\" height=\"341\" srcset=\"https:\/\/www.eisgrotte.at\/wp-content\/uploads\/2018\/09\/eisgrotte1958_round.png 500w, https:\/\/www.eisgrotte.at\/wp-content\/uploads\/2018\/09\/eisgrotte1958_round-300x205.png 300w\" sizes=\"auto, (max-width: 500px) 100vw, 500px\" \/><p id=\"caption-attachment-3257\" class=\"wp-caption-text\">Die Eisgrotte in Innsbruck im Jahr 1952<\/p><\/div><\/p>\n<p>Noch im selben Jahr wurde Manfred Dalus geboren, der das Gesch\u00e4ft 1992 \u00fcbernehmen w\u00fcrde. Nach dessen Lehre als K\u00fchlmaschinenmechaniker wurde erst einmal in den verschiedensten Eissalons auf der ganzen Welt gearbeitet: von Wien \u00fcber England sogar in Rio de Janeiro. Noch heute erinnert unsere Eis Sorte Mango do Brasil an die sch\u00f6nen Eindr\u00fccke die Manfred Dalus aus Brasilien mitgenommen hat.<\/p>\n<p><div id=\"attachment_3291\" style=\"width: 469px\" class=\"wp-caption alignleft\"><img loading=\"lazy\" decoding=\"async\" aria-describedby=\"caption-attachment-3291\" class=\"wp-image-3291 \" src=\"https:\/\/www.eisgrotte.at\/wp-content\/uploads\/2018\/09\/Klehr7220-147b_Geschichte.jpg\" alt=\"Getreidegasse 1958\" width=\"459\" height=\"301\" srcset=\"https:\/\/www.eisgrotte.at\/wp-content\/uploads\/2018\/09\/Klehr7220-147b_Geschichte.jpg 500w, https:\/\/www.eisgrotte.at\/wp-content\/uploads\/2018\/09\/Klehr7220-147b_Geschichte-300x197.jpg 300w\" sizes=\"auto, (max-width: 459px) 100vw, 459px\" \/><p id=\"caption-attachment-3291\" class=\"wp-caption-text\">Haus Getreidegasse 40, 1958 vor dem Umbau zur Eisgrotte<\/p><\/div>\n<div id=\"attachment_3466\" style=\"width: 419px\" class=\"wp-caption alignright\"><a href=\"https:\/\/www.eisgrotte.at\/wp-content\/uploads\/2018\/10\/eisgrotte1958_rund.png\"><img loading=\"lazy\" decoding=\"async\" aria-describedby=\"caption-attachment-3466\" class=\"wp-image-3466\" src=\"https:\/\/www.eisgrotte.at\/wp-content\/uploads\/2018\/10\/eisgrotte1958_rund.png\" alt=\"Die Eisgrotte 1958\" width=\"409\" height=\"302\" srcset=\"https:\/\/www.eisgrotte.at\/wp-content\/uploads\/2018\/10\/eisgrotte1958_rund.png 500w, https:\/\/www.eisgrotte.at\/wp-content\/uploads\/2018\/10\/eisgrotte1958_rund-300x221.png 300w\" sizes=\"auto, (max-width: 409px) 100vw, 409px\" \/><\/a><p id=\"caption-attachment-3466\" class=\"wp-caption-text\">Die Eisgrotte 1958<\/p><\/div><\/p>\n<p>&nbsp;<\/p>\n<p>&nbsp;<\/p>\n<p>&nbsp;<\/p>\n<p>&nbsp;<\/p>\n<p>&nbsp;<\/p>\n<p>&nbsp;<\/p>\n<p>&nbsp;<\/p>\n<p>&nbsp;<\/p>\n<p>&nbsp;<\/p>\n<p>&nbsp;<\/p>\n<p>1967 wurde dann endlich eine zweite Eisgrotte in Salzburg er\u00f6ffnet. In der Rainerstra\u00dfe, neben dem weltber\u00fchmten Mirabellgarten gibt es unser Eis seitdem auch in H\u00fclle und F\u00fclle.<\/p>\n<p><div id=\"attachment_3289\" style=\"width: 510px\" class=\"wp-caption alignnone\"><img loading=\"lazy\" decoding=\"async\" aria-describedby=\"caption-attachment-3289\" class=\"wp-image-3289 size-full\" src=\"https:\/\/www.eisgrotte.at\/wp-content\/uploads\/2018\/09\/Rainerstrasse_Geschichte.jpg\" alt=\"Filiale Rainerstrasse\" width=\"500\" height=\"375\" srcset=\"https:\/\/www.eisgrotte.at\/wp-content\/uploads\/2018\/09\/Rainerstrasse_Geschichte.jpg 500w, https:\/\/www.eisgrotte.at\/wp-content\/uploads\/2018\/09\/Rainerstrasse_Geschichte-300x225.jpg 300w\" sizes=\"auto, (max-width: 500px) 100vw, 500px\" \/><p id=\"caption-attachment-3289\" class=\"wp-caption-text\">Filiale Rainerstra\u00dfe<\/p><\/div><\/p>\n<p>Heute f\u00fchren Manfred Dalus und seine Frau Desiree den Salon bereits seit vielen Jahren und immer noch gibt es Stammkunden, die sich an das Gesch\u00e4ft von fr\u00fcher erinnern. Und auch in der Zukunft bleibt es in den H\u00e4nden der Familie Dalus. Tochter Julia ist seit 2017 dabei und wird den Betrieb in Zukunft weiterf\u00fchren.<\/p>\n<p><div id=\"attachment_3419\" style=\"width: 510px\" class=\"wp-caption alignleft\"><img loading=\"lazy\" decoding=\"async\" aria-describedby=\"caption-attachment-3419\" class=\"size-full wp-image-3419\" src=\"https:\/\/www.eisgrotte.at\/wp-content\/uploads\/2018\/09\/Eisgrotte-2_rund.jpg\" alt=\"Familie Dalus\" width=\"500\" height=\"334\" srcset=\"https:\/\/www.eisgrotte.at\/wp-content\/uploads\/2018\/09\/Eisgrotte-2_rund.jpg 500w, https:\/\/www.eisgrotte.at\/wp-content\/uploads\/2018\/09\/Eisgrotte-2_rund-300x200.jpg 300w, https:\/\/www.eisgrotte.at\/wp-content\/uploads\/2018\/09\/Eisgrotte-2_rund-272x182.jpg 272w\" sizes=\"auto, (max-width: 500px) 100vw, 500px\" \/><p id=\"caption-attachment-3419\" class=\"wp-caption-text\">Familie Dalus<\/p><\/div><\/p>\n","protected":false},"excerpt":{"rendered":"<p>&hellip; <a class=\"read-more-link\" href=\"https:\/\/www.eisgrotte.at\/?page_id=2460\">Read More<\/a><\/p>\n","protected":false},"author":1,"featured_media":0,"parent":0,"menu_order":0,"comment_status":"open","ping_status":"open","template":"","meta":{"footnotes":""},"class_list":["post-2460","page","type-page","status-publish","hentry"],"yoast_head":"<!-- This site is optimized with the Yoast SEO plugin v26.5 - https:\/\/yoast.com\/wordpress\/plugins\/seo\/ -->\n<title>Geschichte - Eisgrotte<\/title>\n<meta name=\"robots\" content=\"index, follow, max-snippet:-1, max-image-preview:large, max-video-preview:-1\" \/>\n<link rel=\"canonical\" href=\"https:\/\/www.eisgrotte.at\/?page_id=2460\" \/>\n<meta property=\"og:locale\" content=\"de_DE\" \/>\n<meta property=\"og:type\" content=\"article\" \/>\n<meta property=\"og:title\" content=\"Geschichte - Eisgrotte\" \/>\n<meta property=\"og:description\" content=\"&hellip; Read More\" \/>\n<meta property=\"og:url\" content=\"https:\/\/www.eisgrotte.at\/?page_id=2460\" \/>\n<meta property=\"og:site_name\" content=\"Eisgrotte\" \/>\n<meta property=\"article:modified_time\" content=\"2018-10-14T20:59:54+00:00\" \/>\n<meta property=\"og:image\" content=\"https:\/\/www.eisgrotte.at\/wp-content\/uploads\/2018\/09\/eisgrotte1958_round.png\" \/>\n<meta name=\"twitter:card\" content=\"summary_large_image\" \/>\n<meta name=\"twitter:label1\" content=\"Gesch\u00e4tzte Lesezeit\" \/>\n\t<meta name=\"twitter:data1\" content=\"1\u00a0Minute\" \/>\n<script type=\"application\/ld+json\" class=\"yoast-schema-graph\">{\"@context\":\"https:\/\/schema.org\",\"@graph\":[{\"@type\":\"WebPage\",\"@id\":\"https:\/\/www.eisgrotte.at\/?page_id=2460\",\"url\":\"https:\/\/www.eisgrotte.at\/?page_id=2460\",\"name\":\"Geschichte - Eisgrotte\",\"isPartOf\":{\"@id\":\"https:\/\/www.eisgrotte.at\/#website\"},\"primaryImageOfPage\":{\"@id\":\"https:\/\/www.eisgrotte.at\/?page_id=2460#primaryimage\"},\"image\":{\"@id\":\"https:\/\/www.eisgrotte.at\/?page_id=2460#primaryimage\"},\"thumbnailUrl\":\"https:\/\/www.eisgrotte.at\/wp-content\/uploads\/2018\/09\/eisgrotte1958_round.png\",\"datePublished\":\"2014-11-17T12:46:11+00:00\",\"dateModified\":\"2018-10-14T20:59:54+00:00\",\"breadcrumb\":{\"@id\":\"https:\/\/www.eisgrotte.at\/?page_id=2460#breadcrumb\"},\"inLanguage\":\"de\",\"potentialAction\":[{\"@type\":\"ReadAction\",\"target\":[\"https:\/\/www.eisgrotte.at\/?page_id=2460\"]}]},{\"@type\":\"ImageObject\",\"inLanguage\":\"de\",\"@id\":\"https:\/\/www.eisgrotte.at\/?page_id=2460#primaryimage\",\"url\":\"https:\/\/www.eisgrotte.at\/wp-content\/uploads\/2018\/09\/eisgrotte1958_round.png\",\"contentUrl\":\"https:\/\/www.eisgrotte.at\/wp-content\/uploads\/2018\/09\/eisgrotte1958_round.png\",\"width\":500,\"height\":341,\"caption\":\"Eisgrotte 1958\"},{\"@type\":\"BreadcrumbList\",\"@id\":\"https:\/\/www.eisgrotte.at\/?page_id=2460#breadcrumb\",\"itemListElement\":[{\"@type\":\"ListItem\",\"position\":1,\"name\":\"Startseite\",\"item\":\"https:\/\/www.eisgrotte.at\/\"},{\"@type\":\"ListItem\",\"position\":2,\"name\":\"Geschichte\"}]},{\"@type\":\"WebSite\",\"@id\":\"https:\/\/www.eisgrotte.at\/#website\",\"url\":\"https:\/\/www.eisgrotte.at\/\",\"name\":\"Eisgrotte\",\"description\":\"Eiskultur aus Tradition - Familie Dalus\",\"potentialAction\":[{\"@type\":\"SearchAction\",\"target\":{\"@type\":\"EntryPoint\",\"urlTemplate\":\"https:\/\/www.eisgrotte.at\/?s={search_term_string}\"},\"query-input\":{\"@type\":\"PropertyValueSpecification\",\"valueRequired\":true,\"valueName\":\"search_term_string\"}}],\"inLanguage\":\"de\"}]}<\/script>\n<!-- \/ Yoast SEO plugin. -->","yoast_head_json":{"title":"Geschichte - Eisgrotte","robots":{"index":"index","follow":"follow","max-snippet":"max-snippet:-1","max-image-preview":"max-image-preview:large","max-video-preview":"max-video-preview:-1"},"canonical":"https:\/\/www.eisgrotte.at\/?page_id=2460","og_locale":"de_DE","og_type":"article","og_title":"Geschichte - Eisgrotte","og_description":"&hellip; Read More","og_url":"https:\/\/www.eisgrotte.at\/?page_id=2460","og_site_name":"Eisgrotte","article_modified_time":"2018-10-14T20:59:54+00:00","og_image":[{"url":"https:\/\/www.eisgrotte.at\/wp-content\/uploads\/2018\/09\/eisgrotte1958_round.png","type":"","width":"","height":""}],"twitter_card":"summary_large_image","twitter_misc":{"Gesch\u00e4tzte Lesezeit":"1\u00a0Minute"},"schema":{"@context":"https:\/\/schema.org","@graph":[{"@type":"WebPage","@id":"https:\/\/www.eisgrotte.at\/?page_id=2460","url":"https:\/\/www.eisgrotte.at\/?page_id=2460","name":"Geschichte - Eisgrotte","isPartOf":{"@id":"https:\/\/www.eisgrotte.at\/#website"},"primaryImageOfPage":{"@id":"https:\/\/www.eisgrotte.at\/?page_id=2460#primaryimage"},"image":{"@id":"https:\/\/www.eisgrotte.at\/?page_id=2460#primaryimage"},"thumbnailUrl":"https:\/\/www.eisgrotte.at\/wp-content\/uploads\/2018\/09\/eisgrotte1958_round.png","datePublished":"2014-11-17T12:46:11+00:00","dateModified":"2018-10-14T20:59:54+00:00","breadcrumb":{"@id":"https:\/\/www.eisgrotte.at\/?page_id=2460#breadcrumb"},"inLanguage":"de","potentialAction":[{"@type":"ReadAction","target":["https:\/\/www.eisgrotte.at\/?page_id=2460"]}]},{"@type":"ImageObject","inLanguage":"de","@id":"https:\/\/www.eisgrotte.at\/?page_id=2460#primaryimage","url":"https:\/\/www.eisgrotte.at\/wp-content\/uploads\/2018\/09\/eisgrotte1958_round.png","contentUrl":"https:\/\/www.eisgrotte.at\/wp-content\/uploads\/2018\/09\/eisgrotte1958_round.png","width":500,"height":341,"caption":"Eisgrotte 1958"},{"@type":"BreadcrumbList","@id":"https:\/\/www.eisgrotte.at\/?page_id=2460#breadcrumb","itemListElement":[{"@type":"ListItem","position":1,"name":"Startseite","item":"https:\/\/www.eisgrotte.at\/"},{"@type":"ListItem","position":2,"name":"Geschichte"}]},{"@type":"WebSite","@id":"https:\/\/www.eisgrotte.at\/#website","url":"https:\/\/www.eisgrotte.at\/","name":"Eisgrotte","description":"Eiskultur aus Tradition - Familie Dalus","potentialAction":[{"@type":"SearchAction","target":{"@type":"EntryPoint","urlTemplate":"https:\/\/www.eisgrotte.at\/?s={search_term_string}"},"query-input":{"@type":"PropertyValueSpecification","valueRequired":true,"valueName":"search_term_string"}}],"inLanguage":"de"}]}},"_links":{"self":[{"href":"https:\/\/www.eisgrotte.at\/index.php?rest_route=\/wp\/v2\/pages\/2460","targetHints":{"allow":["GET"]}}],"collection":[{"href":"https:\/\/www.eisgrotte.at\/index.php?rest_route=\/wp\/v2\/pages"}],"about":[{"href":"https:\/\/www.eisgrotte.at\/index.php?rest_route=\/wp\/v2\/types\/page"}],"author":[{"embeddable":true,"href":"https:\/\/www.eisgrotte.at\/index.php?rest_route=\/wp\/v2\/users\/1"}],"replies":[{"embeddable":true,"href":"https:\/\/www.eisgrotte.at\/index.php?rest_route=%2Fwp%2Fv2%2Fcomments&post=2460"}],"version-history":[{"count":14,"href":"https:\/\/www.eisgrotte.at\/index.php?rest_route=\/wp\/v2\/pages\/2460\/revisions"}],"predecessor-version":[{"id":3585,"href":"https:\/\/www.eisgrotte.at\/index.php?rest_route=\/wp\/v2\/pages\/2460\/revisions\/3585"}],"wp:attachment":[{"href":"https:\/\/www.eisgrotte.at\/index.php?rest_route=%2Fwp%2Fv2%2Fmedia&parent=2460"}],"curies":[{"name":"wp","href":"https:\/\/api.w.org\/{rel}","templated":true}]}}