{"id":3111,"date":"2018-08-22T00:09:38","date_gmt":"2018-08-21T23:09:38","guid":{"rendered":"https:\/\/www.eisgrotte.at\/?page_id=3111"},"modified":"2023-06-29T10:12:49","modified_gmt":"2023-06-29T08:12:49","slug":"eiskarte","status":"publish","type":"page","link":"https:\/\/www.eisgrotte.at\/?page_id=3111","title":{"rendered":"Eiskarte"},"content":{"rendered":"<div id=\"pl-3111\"  class=\"panel-layout\" >\n<div id=\"pg-3111-0\"  class=\"panel-grid panel-no-style\" >\n<div id=\"pgc-3111-0-0\"  class=\"panel-grid-cell\" >\n<div id=\"panel-3111-0-0-0\" class=\"so-panel widget widget_sow-editor panel-first-child panel-last-child\" data-index=\"0\" >\n<div\n\t\t\t\n\t\t\tclass=\"so-widget-sow-editor so-widget-sow-editor-base\"\n\t\t\t\n\t\t><\/p>\n<h3 class=\"widget-title\">Eiskarte Hinweis<\/h3>\n<div class=\"siteorigin-widget-tinymce textwidget\">\n<div class=\"blockquote-container\">\n<div class=\"blockquote-inner style-2\">\n<blockquote class=\"blockquote\">\n<h4 style=\"text-align: center;\">Unsere Eisbecher k\u00f6nnen Sie von M\u00e4rz bis Oktober in unserem Hauptgesch\u00e4ft in der Getreidegasse genie\u00dfen.<\/h4>\n<\/blockquote>\n<\/div>\n<\/div>\n<\/div>\n<\/div>\n<\/div>\n<\/div>\n<\/div>\n<div id=\"pg-3111-1\"  class=\"panel-grid panel-no-style\" >\n<div id=\"pgc-3111-1-0\"  class=\"panel-grid-cell\" >\n<div id=\"panel-3111-1-0-0\" class=\"so-panel widget widget_sow-editor panel-first-child\" data-index=\"1\" >\n<div\n\t\t\t\n\t\t\tclass=\"so-widget-sow-editor so-widget-sow-editor-base\"\n\t\t\t\n\t\t><\/p>\n<h3 class=\"widget-title\">Eiskarte<\/h3>\n<div class=\"siteorigin-widget-tinymce textwidget\">\n<p><a href=\"https:\/\/www.eisgrotte.at\/wp-content\/uploads\/2023\/06\/Tuetenlogo1.jpg\"><img loading=\"lazy\" decoding=\"async\" class=\"wp-image-3608 size-full aligncenter\" src=\"https:\/\/www.eisgrotte.at\/wp-content\/uploads\/2023\/06\/Tuetenlogo1.jpg\" alt=\"\" width=\"378\" height=\"500\" srcset=\"https:\/\/www.eisgrotte.at\/wp-content\/uploads\/2023\/06\/Tuetenlogo1.jpg 378w, https:\/\/www.eisgrotte.at\/wp-content\/uploads\/2023\/06\/Tuetenlogo1-227x300.jpg 227w\" sizes=\"auto, (max-width: 378px) 100vw, 378px\" \/><\/a><\/p>\n<\/div>\n<\/div>\n<\/div>\n<div id=\"panel-3111-1-0-1\" class=\"so-panel widget widget_sow-editor panel-last-child\" data-index=\"2\" >\n<div\n\t\t\t\n\t\t\tclass=\"so-widget-sow-editor so-widget-sow-editor-base\"\n\t\t\t\n\t\t><\/p>\n<h3 class=\"widget-title\">Eiskarte Hinweis<\/h3>\n<div class=\"siteorigin-widget-tinymce textwidget\">\n<div class=\"blockquote-container\">\n<div class=\"blockquote-inner style-2\">\n<blockquote class=\"blockquote\">\n<h4 style=\"text-align: center;\">Leider mussten wir unser Tischservice aufgrund von Mitarbeitermangel einstellen.<\/h4>\n<\/blockquote>\n<\/div>\n<\/div>\n<\/div>\n<\/div>\n<\/div>\n<\/div>\n<\/div>\n<\/div>\n","protected":false},"excerpt":{"rendered":"<p>&hellip; <a class=\"read-more-link\" href=\"https:\/\/www.eisgrotte.at\/?page_id=3111\">Read More<\/a><\/p>\n","protected":false},"author":1,"featured_media":0,"parent":0,"menu_order":0,"comment_status":"closed","ping_status":"closed","template":"","meta":{"footnotes":""},"class_list":["post-3111","page","type-page","status-publish","hentry"],"yoast_head":"<!-- This site is optimized with the Yoast SEO plugin v26.5 - https:\/\/yoast.com\/wordpress\/plugins\/seo\/ -->\n<title>Eiskarte - Eisgrotte<\/title>\n<meta name=\"robots\" content=\"index, follow, max-snippet:-1, max-image-preview:large, max-video-preview:-1\" \/>\n<link rel=\"canonical\" href=\"https:\/\/www.eisgrotte.at\/?page_id=3111\" \/>\n<meta property=\"og:locale\" content=\"de_DE\" \/>\n<meta property=\"og:type\" content=\"article\" \/>\n<meta property=\"og:title\" content=\"Eiskarte - Eisgrotte\" \/>\n<meta property=\"og:description\" content=\"&hellip; Read More\" \/>\n<meta property=\"og:url\" content=\"https:\/\/www.eisgrotte.at\/?page_id=3111\" \/>\n<meta property=\"og:site_name\" content=\"Eisgrotte\" \/>\n<meta property=\"article:modified_time\" content=\"2023-06-29T08:12:49+00:00\" \/>\n<meta property=\"og:image\" content=\"https:\/\/www.eisgrotte.at\/wp-content\/uploads\/2023\/06\/Tuetenlogo1.jpg\" \/>\n<meta name=\"twitter:card\" content=\"summary_large_image\" \/>\n<meta name=\"twitter:label1\" content=\"Gesch\u00e4tzte Lesezeit\" \/>\n\t<meta name=\"twitter:data1\" content=\"1\u00a0Minute\" \/>\n<script type=\"application\/ld+json\" class=\"yoast-schema-graph\">{\"@context\":\"https:\/\/schema.org\",\"@graph\":[{\"@type\":\"WebPage\",\"@id\":\"https:\/\/www.eisgrotte.at\/?page_id=3111\",\"url\":\"https:\/\/www.eisgrotte.at\/?page_id=3111\",\"name\":\"Eiskarte - Eisgrotte\",\"isPartOf\":{\"@id\":\"https:\/\/www.eisgrotte.at\/#website\"},\"primaryImageOfPage\":{\"@id\":\"https:\/\/www.eisgrotte.at\/?page_id=3111#primaryimage\"},\"image\":{\"@id\":\"https:\/\/www.eisgrotte.at\/?page_id=3111#primaryimage\"},\"thumbnailUrl\":\"https:\/\/www.eisgrotte.at\/wp-content\/uploads\/2023\/06\/Tuetenlogo1.jpg\",\"datePublished\":\"2018-08-21T23:09:38+00:00\",\"dateModified\":\"2023-06-29T08:12:49+00:00\",\"breadcrumb\":{\"@id\":\"https:\/\/www.eisgrotte.at\/?page_id=3111#breadcrumb\"},\"inLanguage\":\"de\",\"potentialAction\":[{\"@type\":\"ReadAction\",\"target\":[\"https:\/\/www.eisgrotte.at\/?page_id=3111\"]}]},{\"@type\":\"ImageObject\",\"inLanguage\":\"de\",\"@id\":\"https:\/\/www.eisgrotte.at\/?page_id=3111#primaryimage\",\"url\":\"https:\/\/www.eisgrotte.at\/wp-content\/uploads\/2023\/06\/Tuetenlogo1.jpg\",\"contentUrl\":\"https:\/\/www.eisgrotte.at\/wp-content\/uploads\/2023\/06\/Tuetenlogo1.jpg\"},{\"@type\":\"BreadcrumbList\",\"@id\":\"https:\/\/www.eisgrotte.at\/?page_id=3111#breadcrumb\",\"itemListElement\":[{\"@type\":\"ListItem\",\"position\":1,\"name\":\"Startseite\",\"item\":\"https:\/\/www.eisgrotte.at\/\"},{\"@type\":\"ListItem\",\"position\":2,\"name\":\"Eiskarte\"}]},{\"@type\":\"WebSite\",\"@id\":\"https:\/\/www.eisgrotte.at\/#website\",\"url\":\"https:\/\/www.eisgrotte.at\/\",\"name\":\"Eisgrotte\",\"description\":\"Eiskultur aus Tradition - Familie Dalus\",\"potentialAction\":[{\"@type\":\"SearchAction\",\"target\":{\"@type\":\"EntryPoint\",\"urlTemplate\":\"https:\/\/www.eisgrotte.at\/?s={search_term_string}\"},\"query-input\":{\"@type\":\"PropertyValueSpecification\",\"valueRequired\":true,\"valueName\":\"search_term_string\"}}],\"inLanguage\":\"de\"}]}<\/script>\n<!-- \/ Yoast SEO plugin. -->","yoast_head_json":{"title":"Eiskarte - Eisgrotte","robots":{"index":"index","follow":"follow","max-snippet":"max-snippet:-1","max-image-preview":"max-image-preview:large","max-video-preview":"max-video-preview:-1"},"canonical":"https:\/\/www.eisgrotte.at\/?page_id=3111","og_locale":"de_DE","og_type":"article","og_title":"Eiskarte - Eisgrotte","og_description":"&hellip; Read More","og_url":"https:\/\/www.eisgrotte.at\/?page_id=3111","og_site_name":"Eisgrotte","article_modified_time":"2023-06-29T08:12:49+00:00","og_image":[{"url":"https:\/\/www.eisgrotte.at\/wp-content\/uploads\/2023\/06\/Tuetenlogo1.jpg","type":"","width":"","height":""}],"twitter_card":"summary_large_image","twitter_misc":{"Gesch\u00e4tzte Lesezeit":"1\u00a0Minute"},"schema":{"@context":"https:\/\/schema.org","@graph":[{"@type":"WebPage","@id":"https:\/\/www.eisgrotte.at\/?page_id=3111","url":"https:\/\/www.eisgrotte.at\/?page_id=3111","name":"Eiskarte - Eisgrotte","isPartOf":{"@id":"https:\/\/www.eisgrotte.at\/#website"},"primaryImageOfPage":{"@id":"https:\/\/www.eisgrotte.at\/?page_id=3111#primaryimage"},"image":{"@id":"https:\/\/www.eisgrotte.at\/?page_id=3111#primaryimage"},"thumbnailUrl":"https:\/\/www.eisgrotte.at\/wp-content\/uploads\/2023\/06\/Tuetenlogo1.jpg","datePublished":"2018-08-21T23:09:38+00:00","dateModified":"2023-06-29T08:12:49+00:00","breadcrumb":{"@id":"https:\/\/www.eisgrotte.at\/?page_id=3111#breadcrumb"},"inLanguage":"de","potentialAction":[{"@type":"ReadAction","target":["https:\/\/www.eisgrotte.at\/?page_id=3111"]}]},{"@type":"ImageObject","inLanguage":"de","@id":"https:\/\/www.eisgrotte.at\/?page_id=3111#primaryimage","url":"https:\/\/www.eisgrotte.at\/wp-content\/uploads\/2023\/06\/Tuetenlogo1.jpg","contentUrl":"https:\/\/www.eisgrotte.at\/wp-content\/uploads\/2023\/06\/Tuetenlogo1.jpg"},{"@type":"BreadcrumbList","@id":"https:\/\/www.eisgrotte.at\/?page_id=3111#breadcrumb","itemListElement":[{"@type":"ListItem","position":1,"name":"Startseite","item":"https:\/\/www.eisgrotte.at\/"},{"@type":"ListItem","position":2,"name":"Eiskarte"}]},{"@type":"WebSite","@id":"https:\/\/www.eisgrotte.at\/#website","url":"https:\/\/www.eisgrotte.at\/","name":"Eisgrotte","description":"Eiskultur aus Tradition - Familie Dalus","potentialAction":[{"@type":"SearchAction","target":{"@type":"EntryPoint","urlTemplate":"https:\/\/www.eisgrotte.at\/?s={search_term_string}"},"query-input":{"@type":"PropertyValueSpecification","valueRequired":true,"valueName":"search_term_string"}}],"inLanguage":"de"}]}},"_links":{"self":[{"href":"https:\/\/www.eisgrotte.at\/index.php?rest_route=\/wp\/v2\/pages\/3111","targetHints":{"allow":["GET"]}}],"collection":[{"href":"https:\/\/www.eisgrotte.at\/index.php?rest_route=\/wp\/v2\/pages"}],"about":[{"href":"https:\/\/www.eisgrotte.at\/index.php?rest_route=\/wp\/v2\/types\/page"}],"author":[{"embeddable":true,"href":"https:\/\/www.eisgrotte.at\/index.php?rest_route=\/wp\/v2\/users\/1"}],"replies":[{"embeddable":true,"href":"https:\/\/www.eisgrotte.at\/index.php?rest_route=%2Fwp%2Fv2%2Fcomments&post=3111"}],"version-history":[{"count":21,"href":"https:\/\/www.eisgrotte.at\/index.php?rest_route=\/wp\/v2\/pages\/3111\/revisions"}],"predecessor-version":[{"id":3622,"href":"https:\/\/www.eisgrotte.at\/index.php?rest_route=\/wp\/v2\/pages\/3111\/revisions\/3622"}],"wp:attachment":[{"href":"https:\/\/www.eisgrotte.at\/index.php?rest_route=%2Fwp%2Fv2%2Fmedia&parent=3111"}],"curies":[{"name":"wp","href":"https:\/\/api.w.org\/{rel}","templated":true}]}}