{"id":3484,"date":"2023-06-29T10:11:37","date_gmt":"2023-06-29T08:11:37","guid":{"rendered":"https:\/\/www.eisgrotte.at\/?page_id=3484"},"modified":"2023-06-29T10:11:37","modified_gmt":"2023-06-29T08:11:37","slug":"mobiler-eisstand-2","status":"publish","type":"page","link":"https:\/\/www.eisgrotte.at\/?page_id=3484","title":{"rendered":"Mobiler Eisstand"},"content":{"rendered":"<div id=\"pl-3484\"  class=\"panel-layout\" >\n<div id=\"pg-3484-0\"  class=\"panel-grid panel-no-style\" >\n<div id=\"pgc-3484-0-0\"  class=\"panel-grid-cell\" >\n<div id=\"panel-3484-0-0-0\" class=\"so-panel widget widget_text panel-first-child panel-last-child\" data-index=\"0\" >\n<div class=\"textwidget\">\n<p>Unseren Eisstand k\u00f6nnen Sie jetzt auch als kleines Highlight f\u00fcr Ihr Event oder als Teil des Nachspeisenbuffets f\u00fcr Ihr pers\u00f6nliches Fest mieten.<\/p>\n<p>Mit dabei sind:<\/p>\n<ul>\n<li><strong>2 K\u00fchlboxen mit je 8 Litern (zusammen ca. 250 Kugeln) um \u20ac 330,&#8211;<\/strong><\/li>\n<li><strong>1 Karton T\u00fcten (enth\u00e4lt 330 St\u00fcck) um \u20ac 49,&#8211;<\/strong><\/li>\n<\/ul>\n<p><\/br><br \/>\nDie Miete f\u00fcr den Stand f\u00fcr maximal 2 Tage ist im Preis schon enthalten.<\/p>\n<\/div><\/div>\n<\/div>\n<div id=\"pgc-3484-0-1\"  class=\"panel-grid-cell\" >\n<div id=\"panel-3484-0-1-0\" class=\"so-panel widget widget_sow-image panel-first-child panel-last-child\" data-index=\"1\" >\n<div\n\t\t\t\n\t\t\tclass=\"so-widget-sow-image so-widget-sow-image-default-8b5b6f678277-3484\"\n\t\t\t\n\t\t><\/p>\n<div class=\"sow-image-container\">\n\t\t<img \n\tsrc=\"https:\/\/www.eisgrotte.at\/wp-content\/uploads\/2019\/05\/IMG_0802-228x300.png\" width=\"228\" height=\"300\" srcset=\"https:\/\/www.eisgrotte.at\/wp-content\/uploads\/2019\/05\/IMG_0802-228x300.png 228w, https:\/\/www.eisgrotte.at\/wp-content\/uploads\/2019\/05\/IMG_0802.png 600w\" sizes=\"(max-width: 228px) 100vw, 228px\" alt=\"\" \t\tclass=\"so-widget-image\"\/>\n\t<\/div>\n<\/div>\n<\/div>\n<\/div>\n<\/div>\n<div id=\"pg-3484-1\"  class=\"panel-grid panel-no-style\" >\n<div id=\"pgc-3484-1-0\"  class=\"panel-grid-cell\" >\n<div id=\"panel-3484-1-0-0\" class=\"so-panel widget widget_sow-image panel-first-child panel-last-child\" data-index=\"2\" >\n<div\n\t\t\t\n\t\t\tclass=\"so-widget-sow-image so-widget-sow-image-default-8b5b6f678277-3484\"\n\t\t\t\n\t\t><\/p>\n<div class=\"sow-image-container\">\n\t\t<img \n\tsrc=\"https:\/\/www.eisgrotte.at\/wp-content\/uploads\/2019\/05\/IMG_0703-225x300.png\" width=\"225\" height=\"300\" srcset=\"https:\/\/www.eisgrotte.at\/wp-content\/uploads\/2019\/05\/IMG_0703-225x300.png 225w, https:\/\/www.eisgrotte.at\/wp-content\/uploads\/2019\/05\/IMG_0703.png 600w\" sizes=\"(max-width: 225px) 100vw, 225px\" alt=\"\" \t\tclass=\"so-widget-image\"\/>\n\t<\/div>\n<\/div>\n<\/div>\n<\/div>\n<div id=\"pgc-3484-1-1\"  class=\"panel-grid-cell\" >\n<div id=\"panel-3484-1-1-0\" class=\"so-panel widget widget_text panel-first-child panel-last-child\" data-index=\"3\" >\n<div class=\"textwidget\">\n<p><\/br><br \/>\nEinfach anrufen und Ihre 2 Lieblingssorten im Eisstand bestellen, abholen und nach dem Event wieder bringen. So schnell und einfach haben Sie Ihr Lieblingseis jetzt auch bei Ihrer Veranstaltung mit dabei! Wir freuen uns auf Ihren Anruf!<\/p>\n<\/div><\/div>\n<\/div>\n<\/div>\n<\/div>\n","protected":false},"excerpt":{"rendered":"<p>&hellip; <a class=\"read-more-link\" href=\"https:\/\/www.eisgrotte.at\/?page_id=3484\">Read More<\/a><\/p>\n","protected":false},"author":2,"featured_media":0,"parent":0,"menu_order":0,"comment_status":"closed","ping_status":"closed","template":"","meta":{"footnotes":""},"class_list":["post-3484","page","type-page","status-publish","hentry"],"yoast_head":"<!-- This site is optimized with the Yoast SEO plugin v26.5 - https:\/\/yoast.com\/wordpress\/plugins\/seo\/ -->\n<title>Mobiler Eisstand - Eisgrotte<\/title>\n<meta name=\"robots\" content=\"index, follow, max-snippet:-1, max-image-preview:large, max-video-preview:-1\" \/>\n<link rel=\"canonical\" href=\"https:\/\/www.eisgrotte.at\/?page_id=3484\" \/>\n<meta property=\"og:locale\" content=\"de_DE\" \/>\n<meta property=\"og:type\" content=\"article\" \/>\n<meta property=\"og:title\" content=\"Mobiler Eisstand - Eisgrotte\" \/>\n<meta property=\"og:description\" content=\"&hellip; Read More\" \/>\n<meta property=\"og:url\" content=\"https:\/\/www.eisgrotte.at\/?page_id=3484\" \/>\n<meta property=\"og:site_name\" content=\"Eisgrotte\" \/>\n<meta name=\"twitter:card\" content=\"summary_large_image\" \/>\n<meta name=\"twitter:label1\" content=\"Gesch\u00e4tzte Lesezeit\" \/>\n\t<meta name=\"twitter:data1\" content=\"1\u00a0Minute\" \/>\n<script type=\"application\/ld+json\" class=\"yoast-schema-graph\">{\"@context\":\"https:\/\/schema.org\",\"@graph\":[{\"@type\":\"WebPage\",\"@id\":\"https:\/\/www.eisgrotte.at\/?page_id=3484\",\"url\":\"https:\/\/www.eisgrotte.at\/?page_id=3484\",\"name\":\"Mobiler Eisstand - Eisgrotte\",\"isPartOf\":{\"@id\":\"https:\/\/www.eisgrotte.at\/#website\"},\"datePublished\":\"2023-06-29T08:11:37+00:00\",\"breadcrumb\":{\"@id\":\"https:\/\/www.eisgrotte.at\/?page_id=3484#breadcrumb\"},\"inLanguage\":\"de\",\"potentialAction\":[{\"@type\":\"ReadAction\",\"target\":[\"https:\/\/www.eisgrotte.at\/?page_id=3484\"]}]},{\"@type\":\"BreadcrumbList\",\"@id\":\"https:\/\/www.eisgrotte.at\/?page_id=3484#breadcrumb\",\"itemListElement\":[{\"@type\":\"ListItem\",\"position\":1,\"name\":\"Startseite\",\"item\":\"https:\/\/www.eisgrotte.at\/\"},{\"@type\":\"ListItem\",\"position\":2,\"name\":\"Mobiler Eisstand\"}]},{\"@type\":\"WebSite\",\"@id\":\"https:\/\/www.eisgrotte.at\/#website\",\"url\":\"https:\/\/www.eisgrotte.at\/\",\"name\":\"Eisgrotte\",\"description\":\"Eiskultur aus Tradition - Familie Dalus\",\"potentialAction\":[{\"@type\":\"SearchAction\",\"target\":{\"@type\":\"EntryPoint\",\"urlTemplate\":\"https:\/\/www.eisgrotte.at\/?s={search_term_string}\"},\"query-input\":{\"@type\":\"PropertyValueSpecification\",\"valueRequired\":true,\"valueName\":\"search_term_string\"}}],\"inLanguage\":\"de\"}]}<\/script>\n<!-- \/ Yoast SEO plugin. -->","yoast_head_json":{"title":"Mobiler Eisstand - Eisgrotte","robots":{"index":"index","follow":"follow","max-snippet":"max-snippet:-1","max-image-preview":"max-image-preview:large","max-video-preview":"max-video-preview:-1"},"canonical":"https:\/\/www.eisgrotte.at\/?page_id=3484","og_locale":"de_DE","og_type":"article","og_title":"Mobiler Eisstand - Eisgrotte","og_description":"&hellip; Read More","og_url":"https:\/\/www.eisgrotte.at\/?page_id=3484","og_site_name":"Eisgrotte","twitter_card":"summary_large_image","twitter_misc":{"Gesch\u00e4tzte Lesezeit":"1\u00a0Minute"},"schema":{"@context":"https:\/\/schema.org","@graph":[{"@type":"WebPage","@id":"https:\/\/www.eisgrotte.at\/?page_id=3484","url":"https:\/\/www.eisgrotte.at\/?page_id=3484","name":"Mobiler Eisstand - Eisgrotte","isPartOf":{"@id":"https:\/\/www.eisgrotte.at\/#website"},"datePublished":"2023-06-29T08:11:37+00:00","breadcrumb":{"@id":"https:\/\/www.eisgrotte.at\/?page_id=3484#breadcrumb"},"inLanguage":"de","potentialAction":[{"@type":"ReadAction","target":["https:\/\/www.eisgrotte.at\/?page_id=3484"]}]},{"@type":"BreadcrumbList","@id":"https:\/\/www.eisgrotte.at\/?page_id=3484#breadcrumb","itemListElement":[{"@type":"ListItem","position":1,"name":"Startseite","item":"https:\/\/www.eisgrotte.at\/"},{"@type":"ListItem","position":2,"name":"Mobiler Eisstand"}]},{"@type":"WebSite","@id":"https:\/\/www.eisgrotte.at\/#website","url":"https:\/\/www.eisgrotte.at\/","name":"Eisgrotte","description":"Eiskultur aus Tradition - Familie Dalus","potentialAction":[{"@type":"SearchAction","target":{"@type":"EntryPoint","urlTemplate":"https:\/\/www.eisgrotte.at\/?s={search_term_string}"},"query-input":{"@type":"PropertyValueSpecification","valueRequired":true,"valueName":"search_term_string"}}],"inLanguage":"de"}]}},"_links":{"self":[{"href":"https:\/\/www.eisgrotte.at\/index.php?rest_route=\/wp\/v2\/pages\/3484","targetHints":{"allow":["GET"]}}],"collection":[{"href":"https:\/\/www.eisgrotte.at\/index.php?rest_route=\/wp\/v2\/pages"}],"about":[{"href":"https:\/\/www.eisgrotte.at\/index.php?rest_route=\/wp\/v2\/types\/page"}],"author":[{"embeddable":true,"href":"https:\/\/www.eisgrotte.at\/index.php?rest_route=\/wp\/v2\/users\/2"}],"replies":[{"embeddable":true,"href":"https:\/\/www.eisgrotte.at\/index.php?rest_route=%2Fwp%2Fv2%2Fcomments&post=3484"}],"version-history":[{"count":32,"href":"https:\/\/www.eisgrotte.at\/index.php?rest_route=\/wp\/v2\/pages\/3484\/revisions"}],"predecessor-version":[{"id":3620,"href":"https:\/\/www.eisgrotte.at\/index.php?rest_route=\/wp\/v2\/pages\/3484\/revisions\/3620"}],"wp:attachment":[{"href":"https:\/\/www.eisgrotte.at\/index.php?rest_route=%2Fwp%2Fv2%2Fmedia&parent=3484"}],"curies":[{"name":"wp","href":"https:\/\/api.w.org\/{rel}","templated":true}]}}