{"id":915,"date":"2013-08-19T10:36:49","date_gmt":"2013-08-19T10:36:49","guid":{"rendered":"http:\/\/192.168.0.101\/user24\/mahesh\/?page_id=737"},"modified":"2025-09-04T14:21:11","modified_gmt":"2025-09-04T12:21:11","slug":"typography","status":"publish","type":"page","link":"https:\/\/www.eisgrotte.at\/?page_id=915","title":{"rendered":"Filiale Rainerstrasse"},"content":{"rendered":"<div id=\"pl-915\"  class=\"panel-layout\" >\n<div id=\"pg-915-0\"  class=\"panel-grid panel-no-style\" >\n<div id=\"pgc-915-0-0\"  class=\"panel-grid-cell\" >\n<div id=\"panel-915-0-0-0\" class=\"so-panel widget widget_black-studio-tinymce widget_black_studio_tinymce panel-first-child panel-last-child\" data-index=\"0\" >\n<h3 class=\"widget-title\">Rainerstrasse<\/h3>\n<div class=\"textwidget\">\n<h5 style=\"text-align: center;\">Direkt neben dem Schloss Mirabell und dem dazugeh\u00f6rigen Mirabellgarten, finden Sie unsere Filiale in der Rainerstrasse. F\u00fcr Kongressteilnehmer, Touristen und einheimische G\u00e4ste wird das Eisgrotteneis auch hier direkt vor Ort in unserer zweiten hauseigenen Produktionsst\u00e4tte st\u00e4ndig frisch zubereitet.<\/h5>\n<\/div>\n<\/div>\n<\/div>\n<\/div>\n<div id=\"pg-915-1\"  class=\"panel-grid panel-no-style\" >\n<div id=\"pgc-915-1-0\"  class=\"panel-grid-cell\" >\n<div id=\"panel-915-1-0-0\" class=\"widget_text so-panel widget widget_custom_html panel-first-child panel-last-child\" data-index=\"1\" >\n<h3 class=\"widget-title\">Abstand<\/h3>\n<div class=\"textwidget custom-html-widget\"><br><\/div>\n<\/div>\n<\/div>\n<\/div>\n<div id=\"pg-915-2\"  class=\"panel-grid panel-no-style\" >\n<div id=\"pgc-915-2-0\"  class=\"panel-grid-cell\" >\n<div id=\"panel-915-2-0-0\" class=\"so-panel widget widget_sow-editor panel-first-child panel-last-child\" data-index=\"2\" >\n<div\n\t\t\t\n\t\t\tclass=\"so-widget-sow-editor so-widget-sow-editor-base\"\n\t\t\t\n\t\t><\/p>\n<h3 class=\"widget-title\">Bild<\/h3>\n<div class=\"siteorigin-widget-tinymce textwidget\">\n<p><img loading=\"lazy\" decoding=\"async\" class=\"aligncenter size-full wp-image-3281\" src=\"https:\/\/www.eisgrotte.at\/wp-content\/uploads\/2018\/09\/Rainerstrasse_rund.jpg\" alt=\"Filiale Rainerstrasse\" width=\"640\" height=\"480\" srcset=\"https:\/\/www.eisgrotte.at\/wp-content\/uploads\/2018\/09\/Rainerstrasse_rund.jpg 640w, https:\/\/www.eisgrotte.at\/wp-content\/uploads\/2018\/09\/Rainerstrasse_rund-300x225.jpg 300w\" sizes=\"auto, (max-width: 640px) 100vw, 640px\" \/><\/p>\n<\/div>\n<\/div>\n<\/div>\n<\/div>\n<\/div>\n<div id=\"pg-915-3\"  class=\"panel-grid panel-no-style\" >\n<div id=\"pgc-915-3-0\"  class=\"panel-grid-cell\" >\n<div id=\"panel-915-3-0-0\" class=\"widget_text so-panel widget widget_custom_html panel-first-child panel-last-child\" data-index=\"3\" >\n<h3 class=\"widget-title\">Abstand<\/h3>\n<div class=\"textwidget custom-html-widget\"><br><\/div>\n<\/div>\n<\/div>\n<\/div>\n<div id=\"pg-915-4\"  class=\"panel-grid panel-no-style\" >\n<div id=\"pgc-915-4-0\"  class=\"panel-grid-cell panel-grid-cell-mobile-last\" >\n<div id=\"panel-915-4-0-0\" class=\"so-panel widget widget_sow-editor panel-first-child panel-last-child\" data-index=\"4\" >\n<div\n\t\t\t\n\t\t\tclass=\"so-widget-sow-editor so-widget-sow-editor-base\"\n\t\t\t\n\t\t><\/p>\n<div class=\"siteorigin-widget-tinymce textwidget\">\n<div class=\"address-container hb-animate-element right-to-left\">\n<h1 class=\"address-title simple-title\"><span>Eisgrotte Salzburg - Rainerstra\u00dfe<\/span><\/h1>\n<div class=\"address-text\"><i class=\"fa fa-map-marker\"><\/i>Rainerstra\u00dfe 3, 5020 Salzburg<\/div>\n<div class=\"address-text\"><i class=\"fa fa-phone\"><\/i>+43 664 1685075<\/div>\n<div class=\"address-text\"><i class=\"fa fa-envelope \"><\/i><a herf=\"mailto:eisgrotte@aon.at\">eisgrotte@aon.at<\/a><\/div>\n<\/div>\n<\/div>\n<\/div>\n<\/div>\n<\/div>\n<div id=\"pgc-915-4-1\"  class=\"panel-grid-cell panel-grid-cell-empty\" ><\/div>\n<\/div>\n<\/div>\n","protected":false},"excerpt":{"rendered":"<p>&hellip; <a class=\"read-more-link\" href=\"https:\/\/www.eisgrotte.at\/?page_id=915\">Read More<\/a><\/p>\n","protected":false},"author":1,"featured_media":0,"parent":0,"menu_order":0,"comment_status":"open","ping_status":"open","template":"","meta":{"footnotes":""},"class_list":["post-915","page","type-page","status-publish","hentry"],"yoast_head":"<!-- This site is optimized with the Yoast SEO plugin v26.5 - https:\/\/yoast.com\/wordpress\/plugins\/seo\/ -->\n<title>Filiale Rainerstrasse - Eisgrotte<\/title>\n<meta name=\"robots\" content=\"index, follow, max-snippet:-1, max-image-preview:large, max-video-preview:-1\" \/>\n<link rel=\"canonical\" href=\"https:\/\/www.eisgrotte.at\/?page_id=915\" \/>\n<meta property=\"og:locale\" content=\"de_DE\" \/>\n<meta property=\"og:type\" content=\"article\" \/>\n<meta property=\"og:title\" content=\"Filiale Rainerstrasse - Eisgrotte\" \/>\n<meta property=\"og:description\" content=\"&hellip; Read More\" \/>\n<meta property=\"og:url\" content=\"https:\/\/www.eisgrotte.at\/?page_id=915\" \/>\n<meta property=\"og:site_name\" content=\"Eisgrotte\" \/>\n<meta property=\"article:modified_time\" content=\"2025-09-04T12:21:11+00:00\" \/>\n<meta property=\"og:image\" content=\"https:\/\/www.eisgrotte.at\/wp-content\/uploads\/2018\/09\/Rainerstrasse_rund.jpg\" \/>\n\t<meta property=\"og:image:width\" content=\"640\" \/>\n\t<meta property=\"og:image:height\" content=\"480\" \/>\n\t<meta property=\"og:image:type\" content=\"image\/jpeg\" \/>\n<meta name=\"twitter:card\" content=\"summary_large_image\" \/>\n<meta name=\"twitter:label1\" content=\"Gesch\u00e4tzte Lesezeit\" \/>\n\t<meta name=\"twitter:data1\" content=\"1\u00a0Minute\" \/>\n<script type=\"application\/ld+json\" class=\"yoast-schema-graph\">{\"@context\":\"https:\/\/schema.org\",\"@graph\":[{\"@type\":\"WebPage\",\"@id\":\"https:\/\/www.eisgrotte.at\/?page_id=915\",\"url\":\"https:\/\/www.eisgrotte.at\/?page_id=915\",\"name\":\"Filiale Rainerstrasse - Eisgrotte\",\"isPartOf\":{\"@id\":\"https:\/\/www.eisgrotte.at\/#website\"},\"primaryImageOfPage\":{\"@id\":\"https:\/\/www.eisgrotte.at\/?page_id=915#primaryimage\"},\"image\":{\"@id\":\"https:\/\/www.eisgrotte.at\/?page_id=915#primaryimage\"},\"thumbnailUrl\":\"https:\/\/www.eisgrotte.at\/wp-content\/uploads\/2018\/09\/Rainerstrasse_rund.jpg\",\"datePublished\":\"2013-08-19T10:36:49+00:00\",\"dateModified\":\"2025-09-04T12:21:11+00:00\",\"breadcrumb\":{\"@id\":\"https:\/\/www.eisgrotte.at\/?page_id=915#breadcrumb\"},\"inLanguage\":\"de\",\"potentialAction\":[{\"@type\":\"ReadAction\",\"target\":[\"https:\/\/www.eisgrotte.at\/?page_id=915\"]}]},{\"@type\":\"ImageObject\",\"inLanguage\":\"de\",\"@id\":\"https:\/\/www.eisgrotte.at\/?page_id=915#primaryimage\",\"url\":\"https:\/\/www.eisgrotte.at\/wp-content\/uploads\/2018\/09\/Rainerstrasse_rund.jpg\",\"contentUrl\":\"https:\/\/www.eisgrotte.at\/wp-content\/uploads\/2018\/09\/Rainerstrasse_rund.jpg\",\"width\":640,\"height\":480,\"caption\":\"Filiale Rainerstrasse\"},{\"@type\":\"BreadcrumbList\",\"@id\":\"https:\/\/www.eisgrotte.at\/?page_id=915#breadcrumb\",\"itemListElement\":[{\"@type\":\"ListItem\",\"position\":1,\"name\":\"Startseite\",\"item\":\"https:\/\/www.eisgrotte.at\/\"},{\"@type\":\"ListItem\",\"position\":2,\"name\":\"Filiale Rainerstrasse\"}]},{\"@type\":\"WebSite\",\"@id\":\"https:\/\/www.eisgrotte.at\/#website\",\"url\":\"https:\/\/www.eisgrotte.at\/\",\"name\":\"Eisgrotte\",\"description\":\"Eiskultur aus Tradition - Familie Dalus\",\"potentialAction\":[{\"@type\":\"SearchAction\",\"target\":{\"@type\":\"EntryPoint\",\"urlTemplate\":\"https:\/\/www.eisgrotte.at\/?s={search_term_string}\"},\"query-input\":{\"@type\":\"PropertyValueSpecification\",\"valueRequired\":true,\"valueName\":\"search_term_string\"}}],\"inLanguage\":\"de\"}]}<\/script>\n<!-- \/ Yoast SEO plugin. -->","yoast_head_json":{"title":"Filiale Rainerstrasse - Eisgrotte","robots":{"index":"index","follow":"follow","max-snippet":"max-snippet:-1","max-image-preview":"max-image-preview:large","max-video-preview":"max-video-preview:-1"},"canonical":"https:\/\/www.eisgrotte.at\/?page_id=915","og_locale":"de_DE","og_type":"article","og_title":"Filiale Rainerstrasse - Eisgrotte","og_description":"&hellip; Read More","og_url":"https:\/\/www.eisgrotte.at\/?page_id=915","og_site_name":"Eisgrotte","article_modified_time":"2025-09-04T12:21:11+00:00","og_image":[{"width":640,"height":480,"url":"https:\/\/www.eisgrotte.at\/wp-content\/uploads\/2018\/09\/Rainerstrasse_rund.jpg","type":"image\/jpeg"}],"twitter_card":"summary_large_image","twitter_misc":{"Gesch\u00e4tzte Lesezeit":"1\u00a0Minute"},"schema":{"@context":"https:\/\/schema.org","@graph":[{"@type":"WebPage","@id":"https:\/\/www.eisgrotte.at\/?page_id=915","url":"https:\/\/www.eisgrotte.at\/?page_id=915","name":"Filiale Rainerstrasse - Eisgrotte","isPartOf":{"@id":"https:\/\/www.eisgrotte.at\/#website"},"primaryImageOfPage":{"@id":"https:\/\/www.eisgrotte.at\/?page_id=915#primaryimage"},"image":{"@id":"https:\/\/www.eisgrotte.at\/?page_id=915#primaryimage"},"thumbnailUrl":"https:\/\/www.eisgrotte.at\/wp-content\/uploads\/2018\/09\/Rainerstrasse_rund.jpg","datePublished":"2013-08-19T10:36:49+00:00","dateModified":"2025-09-04T12:21:11+00:00","breadcrumb":{"@id":"https:\/\/www.eisgrotte.at\/?page_id=915#breadcrumb"},"inLanguage":"de","potentialAction":[{"@type":"ReadAction","target":["https:\/\/www.eisgrotte.at\/?page_id=915"]}]},{"@type":"ImageObject","inLanguage":"de","@id":"https:\/\/www.eisgrotte.at\/?page_id=915#primaryimage","url":"https:\/\/www.eisgrotte.at\/wp-content\/uploads\/2018\/09\/Rainerstrasse_rund.jpg","contentUrl":"https:\/\/www.eisgrotte.at\/wp-content\/uploads\/2018\/09\/Rainerstrasse_rund.jpg","width":640,"height":480,"caption":"Filiale Rainerstrasse"},{"@type":"BreadcrumbList","@id":"https:\/\/www.eisgrotte.at\/?page_id=915#breadcrumb","itemListElement":[{"@type":"ListItem","position":1,"name":"Startseite","item":"https:\/\/www.eisgrotte.at\/"},{"@type":"ListItem","position":2,"name":"Filiale Rainerstrasse"}]},{"@type":"WebSite","@id":"https:\/\/www.eisgrotte.at\/#website","url":"https:\/\/www.eisgrotte.at\/","name":"Eisgrotte","description":"Eiskultur aus Tradition - Familie Dalus","potentialAction":[{"@type":"SearchAction","target":{"@type":"EntryPoint","urlTemplate":"https:\/\/www.eisgrotte.at\/?s={search_term_string}"},"query-input":{"@type":"PropertyValueSpecification","valueRequired":true,"valueName":"search_term_string"}}],"inLanguage":"de"}]}},"_links":{"self":[{"href":"https:\/\/www.eisgrotte.at\/index.php?rest_route=\/wp\/v2\/pages\/915","targetHints":{"allow":["GET"]}}],"collection":[{"href":"https:\/\/www.eisgrotte.at\/index.php?rest_route=\/wp\/v2\/pages"}],"about":[{"href":"https:\/\/www.eisgrotte.at\/index.php?rest_route=\/wp\/v2\/types\/page"}],"author":[{"embeddable":true,"href":"https:\/\/www.eisgrotte.at\/index.php?rest_route=\/wp\/v2\/users\/1"}],"replies":[{"embeddable":true,"href":"https:\/\/www.eisgrotte.at\/index.php?rest_route=%2Fwp%2Fv2%2Fcomments&post=915"}],"version-history":[{"count":12,"href":"https:\/\/www.eisgrotte.at\/index.php?rest_route=\/wp\/v2\/pages\/915\/revisions"}],"predecessor-version":[{"id":3631,"href":"https:\/\/www.eisgrotte.at\/index.php?rest_route=\/wp\/v2\/pages\/915\/revisions\/3631"}],"wp:attachment":[{"href":"https:\/\/www.eisgrotte.at\/index.php?rest_route=%2Fwp%2Fv2%2Fmedia&parent=915"}],"curies":[{"name":"wp","href":"https:\/\/api.w.org\/{rel}","templated":true}]}}